{"id":292,"date":"2019-04-29T09:51:18","date_gmt":"2019-04-29T08:51:18","guid":{"rendered":"http:\/\/ecuries-camillemercier.fr\/?page_id=292"},"modified":"2022-08-16T14:53:51","modified_gmt":"2022-08-16T13:53:51","slug":"enseignement-et-coaching","status":"publish","type":"page","link":"https:\/\/ecuries-camillemercier.fr\/index.php\/enseignement-et-coaching\/","title":{"rendered":"Enseignement &#038; Coaching"},"content":{"rendered":"\n<hr class=\"wp-block-separator has-alpha-channel-opacity\"\/>\n\n\n\n<figure class=\"wp-block-gallery has-nested-images columns-3 is-cropped wp-block-gallery-1 is-layout-flex\">\n<figure class=\"wp-block-image size-medium\"><img decoding=\"async\" loading=\"lazy\" width=\"300\" height=\"200\" data-id=\"294\"  src=\"http:\/\/ecuries-camillemercier.fr\/wp-content\/uploads\/2019\/04\/FB_IMG_1556214414787-300x200.jpg\" alt=\"\" class=\"wp-image-294\" srcset=\"https:\/\/ecuries-camillemercier.fr\/wp-content\/uploads\/2019\/04\/FB_IMG_1556214414787-300x200.jpg 300w, https:\/\/ecuries-camillemercier.fr\/wp-content\/uploads\/2019\/04\/FB_IMG_1556214414787-768x513.jpg 768w, https:\/\/ecuries-camillemercier.fr\/wp-content\/uploads\/2019\/04\/FB_IMG_1556214414787.jpg 960w\" sizes=\"(max-width: 300px) 100vw, 300px\" \/><\/figure>\n\n\n\n<figure class=\"wp-block-image size-large\"><img decoding=\"async\" loading=\"lazy\" width=\"870\" height=\"1024\" data-id=\"569\"  src=\"http:\/\/ecuries-camillemercier.fr\/wp-content\/uploads\/2022\/07\/623c6d53-d6cc-4ab7-99fe-1ae3814fc04d-2-870x1024.jpg\" alt=\"\" class=\"wp-image-569\" srcset=\"https:\/\/ecuries-camillemercier.fr\/wp-content\/uploads\/2022\/07\/623c6d53-d6cc-4ab7-99fe-1ae3814fc04d-2-870x1024.jpg 870w, https:\/\/ecuries-camillemercier.fr\/wp-content\/uploads\/2022\/07\/623c6d53-d6cc-4ab7-99fe-1ae3814fc04d-2-255x300.jpg 255w, https:\/\/ecuries-camillemercier.fr\/wp-content\/uploads\/2022\/07\/623c6d53-d6cc-4ab7-99fe-1ae3814fc04d-2-768x904.jpg 768w, https:\/\/ecuries-camillemercier.fr\/wp-content\/uploads\/2022\/07\/623c6d53-d6cc-4ab7-99fe-1ae3814fc04d-2.jpg 1056w\" sizes=\"(max-width: 870px) 100vw, 870px\" \/><\/figure>\n\n\n\n<figure class=\"wp-block-image size-medium\"><img decoding=\"async\" loading=\"lazy\" width=\"300\" height=\"200\" data-id=\"295\"  src=\"http:\/\/ecuries-camillemercier.fr\/wp-content\/uploads\/2019\/04\/FB_IMG_1556214423920-300x200.jpg\" alt=\"\" class=\"wp-image-295\" srcset=\"https:\/\/ecuries-camillemercier.fr\/wp-content\/uploads\/2019\/04\/FB_IMG_1556214423920-300x200.jpg 300w, https:\/\/ecuries-camillemercier.fr\/wp-content\/uploads\/2019\/04\/FB_IMG_1556214423920-768x513.jpg 768w, https:\/\/ecuries-camillemercier.fr\/wp-content\/uploads\/2019\/04\/FB_IMG_1556214423920.jpg 960w\" sizes=\"(max-width: 300px) 100vw, 300px\" \/><\/figure>\n<\/figure>\n\n\n\n<hr class=\"wp-block-separator has-alpha-channel-opacity\"\/>\n\n\n<p dir=\"auto\">Cavali\u00e8re depuis 25 ans, j&rsquo;ai \u00e9t\u00e9 form\u00e9e par plusieurs cavaliers olympiques (Pierre de Bastard, Marie-Christine Duroy et C\u00e9dric Lyard). J\u2019ai \u00e9galement concouru en international jusqu&rsquo;au niveau ****.<\/p>\n<p>En tant qu\u2019instructrice dipl\u00f4m\u00e9e, mon objectif est de faire \u00e9voluer des cavaliers en comp\u00e9tition. C\u2019est un d\u00e9fi que je rel\u00e8ve depuis une dizaine d&rsquo;ann\u00e9es tant au niveau amateur qu&rsquo;au niveau professionnel.<\/p>\n<p>Pour se faire, je propose un programme de travail personnalis\u00e9 avec des objectifs sportifs adapt\u00e9s. Il existe diff\u00e9rentes prestations ajustables en fonction de vos besoins :<\/p>\n<div dir=\"auto\">\n<p>Mise en place d&rsquo;objectifs sportifs<span style=\"color: #000000;\"><img decoding=\"async\" loading=\"lazy\" class=\"wp-image-477 alignleft\" src=\"http:\/\/ecuries-camillemercier.fr\/wp-content\/uploads\/2022\/07\/check-300x300.png\" alt=\"\" width=\"17\" height=\"17\" srcset=\"https:\/\/ecuries-camillemercier.fr\/wp-content\/uploads\/2022\/07\/check-300x300.png 300w, https:\/\/ecuries-camillemercier.fr\/wp-content\/uploads\/2022\/07\/check-150x150.png 150w, https:\/\/ecuries-camillemercier.fr\/wp-content\/uploads\/2022\/07\/check.png 512w\" sizes=\"(max-width: 17px) 100vw, 17px\" \/><\/span><\/p>\n<p><img decoding=\"async\" loading=\"lazy\" class=\"wp-image-477 alignleft\" src=\"http:\/\/ecuries-camillemercier.fr\/wp-content\/uploads\/2022\/07\/check-300x300.png\" alt=\"\" width=\"17\" height=\"17\" srcset=\"https:\/\/ecuries-camillemercier.fr\/wp-content\/uploads\/2022\/07\/check-300x300.png 300w, https:\/\/ecuries-camillemercier.fr\/wp-content\/uploads\/2022\/07\/check-150x150.png 150w, https:\/\/ecuries-camillemercier.fr\/wp-content\/uploads\/2022\/07\/check.png 512w\" sizes=\"(max-width: 17px) 100vw, 17px\" \/><\/p>\n<p>Programme de travail personnalis\u00e9<\/p>\n<p><img decoding=\"async\" loading=\"lazy\" class=\"wp-image-477 alignleft\" src=\"http:\/\/ecuries-camillemercier.fr\/wp-content\/uploads\/2022\/07\/check-300x300.png\" alt=\"\" width=\"17\" height=\"17\" srcset=\"https:\/\/ecuries-camillemercier.fr\/wp-content\/uploads\/2022\/07\/check-300x300.png 300w, https:\/\/ecuries-camillemercier.fr\/wp-content\/uploads\/2022\/07\/check-150x150.png 150w, https:\/\/ecuries-camillemercier.fr\/wp-content\/uploads\/2022\/07\/check.png 512w\" sizes=\"(max-width: 17px) 100vw, 17px\" \/><\/p>\n<p>Perfectionnement technique pour les enseignants<\/p>\n<p><img decoding=\"async\" loading=\"lazy\" class=\"wp-image-477 alignleft\" src=\"http:\/\/ecuries-camillemercier.fr\/wp-content\/uploads\/2022\/07\/check-300x300.png\" alt=\"\" width=\"17\" height=\"17\" srcset=\"https:\/\/ecuries-camillemercier.fr\/wp-content\/uploads\/2022\/07\/check-300x300.png 300w, https:\/\/ecuries-camillemercier.fr\/wp-content\/uploads\/2022\/07\/check-150x150.png 150w, https:\/\/ecuries-camillemercier.fr\/wp-content\/uploads\/2022\/07\/check.png 512w\" sizes=\"(max-width: 17px) 100vw, 17px\" \/><\/p>\n<p>Suivi en comp\u00e9titions<\/p>\n<p><img decoding=\"async\" loading=\"lazy\" class=\"wp-image-477 alignleft\" src=\"http:\/\/ecuries-camillemercier.fr\/wp-content\/uploads\/2022\/07\/check-300x300.png\" alt=\"\" width=\"17\" height=\"17\" srcset=\"https:\/\/ecuries-camillemercier.fr\/wp-content\/uploads\/2022\/07\/check-300x300.png 300w, https:\/\/ecuries-camillemercier.fr\/wp-content\/uploads\/2022\/07\/check-150x150.png 150w, https:\/\/ecuries-camillemercier.fr\/wp-content\/uploads\/2022\/07\/check.png 512w\" sizes=\"(max-width: 17px) 100vw, 17px\" \/><\/p>\n<p>Cours particuliers ou collectifs (max 3 cavaliers)<\/p>\n<p><img decoding=\"async\" loading=\"lazy\" class=\"wp-image-477 alignleft\" src=\"http:\/\/ecuries-camillemercier.fr\/wp-content\/uploads\/2022\/07\/check-300x300.png\" alt=\"\" width=\"17\" height=\"17\" srcset=\"https:\/\/ecuries-camillemercier.fr\/wp-content\/uploads\/2022\/07\/check-300x300.png 300w, https:\/\/ecuries-camillemercier.fr\/wp-content\/uploads\/2022\/07\/check-150x150.png 150w, https:\/\/ecuries-camillemercier.fr\/wp-content\/uploads\/2022\/07\/check.png 512w\" sizes=\"(max-width: 17px) 100vw, 17px\" \/><\/p>\n<p>Regroupement de cavaliers possible<\/p>\n<p><img decoding=\"async\" loading=\"lazy\" class=\"wp-image-477 alignleft\" src=\"http:\/\/ecuries-camillemercier.fr\/wp-content\/uploads\/2022\/07\/check-300x300.png\" alt=\"\" width=\"17\" height=\"17\" srcset=\"https:\/\/ecuries-camillemercier.fr\/wp-content\/uploads\/2022\/07\/check-300x300.png 300w, https:\/\/ecuries-camillemercier.fr\/wp-content\/uploads\/2022\/07\/check-150x150.png 150w, https:\/\/ecuries-camillemercier.fr\/wp-content\/uploads\/2022\/07\/check.png 512w\" sizes=\"(max-width: 17px) 100vw, 17px\" \/><\/p>\n<p>Pr\u00e9paration aux examens (AAE, BPJEPS, DEJEPS, DESJEPS)<\/p>\n<p style=\"text-align: center;\"><strong> &gt;&gt; 3 FORMULES &lt;&lt;<\/strong><\/p>\n<\/div>\n\n<div class=\"wp-block-image\">\n<figure class=\"aligncenter size-full\"><img decoding=\"async\" loading=\"lazy\" width=\"546\" height=\"457\" src=\"http:\/\/ecuries-camillemercier.fr\/wp-content\/uploads\/2022\/07\/Formules_site_web-removebg-preview-1.png\" alt=\"\" class=\"wp-image-612\" srcset=\"https:\/\/ecuries-camillemercier.fr\/wp-content\/uploads\/2022\/07\/Formules_site_web-removebg-preview-1.png 546w, https:\/\/ecuries-camillemercier.fr\/wp-content\/uploads\/2022\/07\/Formules_site_web-removebg-preview-1-300x251.png 300w\" sizes=\"(max-width: 546px) 100vw, 546px\" \/><\/figure><\/div>\n\n\n<p><\/p>\n\n\n\n<h1 class=\"wp-block-heading\">T\u00e9moignages<\/h1>\n\n\n\n<p class=\"has-text-align-center\"><strong>CE SONT EUX QUI EN PARLENT LE MIEUX<\/strong><\/p>\n\n\n\n<figure class=\"wp-block-video\"><video controls preload=\"auto\" src=\"http:\/\/ecuries-camillemercier.fr\/wp-content\/uploads\/2022\/07\/Te\u0301moignages-VF2.mp4\" playsinline><\/video><\/figure>\n\n\n\n<p><\/p>\n\n\n\n<div class=\"wp-block-columns is-layout-flex wp-container-4\">\n<div class=\"wp-block-column is-layout-flow\">\n<p class=\"has-text-align-center\" style=\"font-size:17px\"><strong>\u00ab\u00a0Merci \u00e0 tous mes \u00e9l\u00e8ves que j&rsquo;accompagne au quotidien\u00a0\u00bb C.M<\/strong><\/p>\n<\/div>\n<\/div>\n\n\n\n<hr class=\"wp-block-separator has-alpha-channel-opacity\"\/>\n\n\n\n<div class=\"wp-block-group is-layout-flow\"><div class=\"wp-block-group__inner-container\">\n<figure class=\"wp-block-gallery has-nested-images columns-3 is-cropped wp-block-gallery-5 is-layout-flex\">\n<figure class=\"wp-block-image size-large\"><img decoding=\"async\" loading=\"lazy\" width=\"629\" height=\"771\" src=\"http:\/\/ecuries-camillemercier.fr\/wp-content\/uploads\/2022\/07\/4c5f33b6-8e66-4fc4-8626-9cfdc37250a6-2.jpg\" alt=\"\" class=\"wp-image-561\" srcset=\"https:\/\/ecuries-camillemercier.fr\/wp-content\/uploads\/2022\/07\/4c5f33b6-8e66-4fc4-8626-9cfdc37250a6-2.jpg 629w, https:\/\/ecuries-camillemercier.fr\/wp-content\/uploads\/2022\/07\/4c5f33b6-8e66-4fc4-8626-9cfdc37250a6-2-245x300.jpg 245w\" sizes=\"(max-width: 629px) 100vw, 629px\" \/><\/figure>\n\n\n\n<figure class=\"wp-block-image size-large\"><img decoding=\"async\" loading=\"lazy\" width=\"830\" height=\"486\" src=\"http:\/\/ecuries-camillemercier.fr\/wp-content\/uploads\/2022\/07\/65f1eef8-620b-4335-94a1-3465bd7143e7-1.jpg\" alt=\"\" class=\"wp-image-563\" srcset=\"https:\/\/ecuries-camillemercier.fr\/wp-content\/uploads\/2022\/07\/65f1eef8-620b-4335-94a1-3465bd7143e7-1.jpg 830w, https:\/\/ecuries-camillemercier.fr\/wp-content\/uploads\/2022\/07\/65f1eef8-620b-4335-94a1-3465bd7143e7-1-300x176.jpg 300w, https:\/\/ecuries-camillemercier.fr\/wp-content\/uploads\/2022\/07\/65f1eef8-620b-4335-94a1-3465bd7143e7-1-768x450.jpg 768w\" sizes=\"(max-width: 830px) 100vw, 830px\" \/><\/figure>\n\n\n\n<figure class=\"wp-block-image size-large\"><img decoding=\"async\" loading=\"lazy\" width=\"699\" height=\"838\" src=\"http:\/\/ecuries-camillemercier.fr\/wp-content\/uploads\/2022\/07\/95c09d19-a7e8-4747-98c9-c9405734b879-1.jpg\" alt=\"\" class=\"wp-image-565\" srcset=\"https:\/\/ecuries-camillemercier.fr\/wp-content\/uploads\/2022\/07\/95c09d19-a7e8-4747-98c9-c9405734b879-1.jpg 699w, https:\/\/ecuries-camillemercier.fr\/wp-content\/uploads\/2022\/07\/95c09d19-a7e8-4747-98c9-c9405734b879-1-250x300.jpg 250w\" sizes=\"(max-width: 699px) 100vw, 699px\" \/><\/figure>\n<\/figure>\n<\/div><\/div>\n\n\n\n<hr class=\"wp-block-separator has-alpha-channel-opacity\"\/>\n","protected":false},"excerpt":{"rendered":"<p>Cavali\u00e8re depuis 25 ans, j&rsquo;ai \u00e9t\u00e9 form\u00e9e par plusieurs cavaliers olympiques (Pierre de Bastard, Marie-Christine Duroy et C\u00e9dric Lyard). J\u2019ai \u00e9galement concouru en international jusqu&rsquo;au niveau ****. En tant qu\u2019instructrice dipl\u00f4m\u00e9e, mon objectif est de faire \u00e9voluer des cavaliers en comp\u00e9tition. C\u2019est un d\u00e9fi que je rel\u00e8ve depuis une dizaine d&rsquo;ann\u00e9es tant au niveau amateur [&hellip;]<\/p>\n","protected":false},"author":1,"featured_media":0,"parent":0,"menu_order":0,"comment_status":"closed","ping_status":"closed","template":"","meta":[],"yoast_head":"<!-- This site is optimized with the Yoast SEO plugin v19.5.1 - https:\/\/yoast.com\/wordpress\/plugins\/seo\/ -->\n<title>Enseignement &amp; Coaching - Camille Mercier<\/title>\n<meta name=\"robots\" content=\"index, follow, max-snippet:-1, max-image-preview:large, max-video-preview:-1\" \/>\n<link rel=\"canonical\" href=\"https:\/\/ecuries-camillemercier.fr\/index.php\/enseignement-et-coaching\/\" \/>\n<meta property=\"og:locale\" content=\"fr_FR\" \/>\n<meta property=\"og:type\" content=\"article\" \/>\n<meta property=\"og:title\" content=\"Enseignement &amp; Coaching - Camille Mercier\" \/>\n<meta property=\"og:description\" content=\"Cavali\u00e8re depuis 25 ans, j&rsquo;ai \u00e9t\u00e9 form\u00e9e par plusieurs cavaliers olympiques (Pierre de Bastard, Marie-Christine Duroy et C\u00e9dric Lyard). J\u2019ai \u00e9galement concouru en international jusqu&rsquo;au niveau ****. En tant qu\u2019instructrice dipl\u00f4m\u00e9e, mon objectif est de faire \u00e9voluer des cavaliers en comp\u00e9tition. C\u2019est un d\u00e9fi que je rel\u00e8ve depuis une dizaine d&rsquo;ann\u00e9es tant au niveau amateur [&hellip;]\" \/>\n<meta property=\"og:url\" content=\"https:\/\/ecuries-camillemercier.fr\/index.php\/enseignement-et-coaching\/\" \/>\n<meta property=\"og:site_name\" content=\"Camille Mercier\" \/>\n<meta property=\"article:publisher\" content=\"https:\/\/www.facebook.com\/Camille-Mercier-Ecuries-de-la-Borde-268085069928803\/?fref=ts\" \/>\n<meta property=\"article:modified_time\" content=\"2022-08-16T13:53:51+00:00\" \/>\n<meta property=\"og:image\" content=\"http:\/\/ecuries-camillemercier.fr\/wp-content\/uploads\/2019\/04\/FB_IMG_1556214414787-300x200.jpg\" \/>\n<meta name=\"twitter:card\" content=\"summary\" \/>\n<meta name=\"twitter:label1\" content=\"Dur\u00e9e de lecture estim\u00e9e\" \/>\n\t<meta name=\"twitter:data1\" content=\"4 minutes\" \/>\n<script type=\"application\/ld+json\" class=\"yoast-schema-graph\">{\"@context\":\"https:\/\/schema.org\",\"@graph\":[{\"@type\":\"WebPage\",\"@id\":\"https:\/\/ecuries-camillemercier.fr\/index.php\/enseignement-et-coaching\/\",\"url\":\"https:\/\/ecuries-camillemercier.fr\/index.php\/enseignement-et-coaching\/\",\"name\":\"Enseignement & Coaching - Camille Mercier\",\"isPartOf\":{\"@id\":\"https:\/\/ecuries-camillemercier.fr\/#website\"},\"datePublished\":\"2019-04-29T08:51:18+00:00\",\"dateModified\":\"2022-08-16T13:53:51+00:00\",\"breadcrumb\":{\"@id\":\"https:\/\/ecuries-camillemercier.fr\/index.php\/enseignement-et-coaching\/#breadcrumb\"},\"inLanguage\":\"fr-FR\",\"potentialAction\":[{\"@type\":\"ReadAction\",\"target\":[\"https:\/\/ecuries-camillemercier.fr\/index.php\/enseignement-et-coaching\/\"]}]},{\"@type\":\"BreadcrumbList\",\"@id\":\"https:\/\/ecuries-camillemercier.fr\/index.php\/enseignement-et-coaching\/#breadcrumb\",\"itemListElement\":[{\"@type\":\"ListItem\",\"position\":1,\"name\":\"Accueil\",\"item\":\"https:\/\/ecuries-camillemercier.fr\/\"},{\"@type\":\"ListItem\",\"position\":2,\"name\":\"Enseignement &#038; Coaching\"}]},{\"@type\":\"WebSite\",\"@id\":\"https:\/\/ecuries-camillemercier.fr\/#website\",\"url\":\"https:\/\/ecuries-camillemercier.fr\/\",\"name\":\"Camille Mercier\",\"description\":\"Ecuries Saumur\",\"potentialAction\":[{\"@type\":\"SearchAction\",\"target\":{\"@type\":\"EntryPoint\",\"urlTemplate\":\"https:\/\/ecuries-camillemercier.fr\/?s={search_term_string}\"},\"query-input\":\"required name=search_term_string\"}],\"inLanguage\":\"fr-FR\"}]}<\/script>\n<!-- \/ Yoast SEO plugin. -->","yoast_head_json":{"title":"Enseignement & Coaching - Camille Mercier","robots":{"index":"index","follow":"follow","max-snippet":"max-snippet:-1","max-image-preview":"max-image-preview:large","max-video-preview":"max-video-preview:-1"},"canonical":"https:\/\/ecuries-camillemercier.fr\/index.php\/enseignement-et-coaching\/","og_locale":"fr_FR","og_type":"article","og_title":"Enseignement & Coaching - Camille Mercier","og_description":"Cavali\u00e8re depuis 25 ans, j&rsquo;ai \u00e9t\u00e9 form\u00e9e par plusieurs cavaliers olympiques (Pierre de Bastard, Marie-Christine Duroy et C\u00e9dric Lyard). J\u2019ai \u00e9galement concouru en international jusqu&rsquo;au niveau ****. En tant qu\u2019instructrice dipl\u00f4m\u00e9e, mon objectif est de faire \u00e9voluer des cavaliers en comp\u00e9tition. C\u2019est un d\u00e9fi que je rel\u00e8ve depuis une dizaine d&rsquo;ann\u00e9es tant au niveau amateur [&hellip;]","og_url":"https:\/\/ecuries-camillemercier.fr\/index.php\/enseignement-et-coaching\/","og_site_name":"Camille Mercier","article_publisher":"https:\/\/www.facebook.com\/Camille-Mercier-Ecuries-de-la-Borde-268085069928803\/?fref=ts","article_modified_time":"2022-08-16T13:53:51+00:00","og_image":[{"url":"http:\/\/ecuries-camillemercier.fr\/wp-content\/uploads\/2019\/04\/FB_IMG_1556214414787-300x200.jpg"}],"twitter_card":"summary","twitter_misc":{"Dur\u00e9e de lecture estim\u00e9e":"4 minutes"},"schema":{"@context":"https:\/\/schema.org","@graph":[{"@type":"WebPage","@id":"https:\/\/ecuries-camillemercier.fr\/index.php\/enseignement-et-coaching\/","url":"https:\/\/ecuries-camillemercier.fr\/index.php\/enseignement-et-coaching\/","name":"Enseignement & Coaching - Camille Mercier","isPartOf":{"@id":"https:\/\/ecuries-camillemercier.fr\/#website"},"datePublished":"2019-04-29T08:51:18+00:00","dateModified":"2022-08-16T13:53:51+00:00","breadcrumb":{"@id":"https:\/\/ecuries-camillemercier.fr\/index.php\/enseignement-et-coaching\/#breadcrumb"},"inLanguage":"fr-FR","potentialAction":[{"@type":"ReadAction","target":["https:\/\/ecuries-camillemercier.fr\/index.php\/enseignement-et-coaching\/"]}]},{"@type":"BreadcrumbList","@id":"https:\/\/ecuries-camillemercier.fr\/index.php\/enseignement-et-coaching\/#breadcrumb","itemListElement":[{"@type":"ListItem","position":1,"name":"Accueil","item":"https:\/\/ecuries-camillemercier.fr\/"},{"@type":"ListItem","position":2,"name":"Enseignement &#038; Coaching"}]},{"@type":"WebSite","@id":"https:\/\/ecuries-camillemercier.fr\/#website","url":"https:\/\/ecuries-camillemercier.fr\/","name":"Camille Mercier","description":"Ecuries Saumur","potentialAction":[{"@type":"SearchAction","target":{"@type":"EntryPoint","urlTemplate":"https:\/\/ecuries-camillemercier.fr\/?s={search_term_string}"},"query-input":"required name=search_term_string"}],"inLanguage":"fr-FR"}]}},"_links":{"self":[{"href":"https:\/\/ecuries-camillemercier.fr\/index.php\/wp-json\/wp\/v2\/pages\/292"}],"collection":[{"href":"https:\/\/ecuries-camillemercier.fr\/index.php\/wp-json\/wp\/v2\/pages"}],"about":[{"href":"https:\/\/ecuries-camillemercier.fr\/index.php\/wp-json\/wp\/v2\/types\/page"}],"author":[{"embeddable":true,"href":"https:\/\/ecuries-camillemercier.fr\/index.php\/wp-json\/wp\/v2\/users\/1"}],"replies":[{"embeddable":true,"href":"https:\/\/ecuries-camillemercier.fr\/index.php\/wp-json\/wp\/v2\/comments?post=292"}],"version-history":[{"count":69,"href":"https:\/\/ecuries-camillemercier.fr\/index.php\/wp-json\/wp\/v2\/pages\/292\/revisions"}],"predecessor-version":[{"id":618,"href":"https:\/\/ecuries-camillemercier.fr\/index.php\/wp-json\/wp\/v2\/pages\/292\/revisions\/618"}],"wp:attachment":[{"href":"https:\/\/ecuries-camillemercier.fr\/index.php\/wp-json\/wp\/v2\/media?parent=292"}],"curies":[{"name":"wp","href":"https:\/\/api.w.org\/{rel}","templated":true}]}}