{"id":7,"date":"2015-12-11T19:04:39","date_gmt":"2015-12-11T19:04:39","guid":{"rendered":"http:\/\/ecuries-camillemercier.fr\/?page_id=7"},"modified":"2022-07-08T07:17:52","modified_gmt":"2022-07-08T06:17:52","slug":"infrastructures","status":"publish","type":"page","link":"https:\/\/ecuries-camillemercier.fr\/index.php\/infrastructures\/","title":{"rendered":"Infrastructures"},"content":{"rendered":"\n<h2 class=\"has-text-color wp-block-heading\" style=\"color:#f78dc7f0;font-size:27px\"><span style=\"color: #ff99cc;\">Des infrastructures exceptionnelles, au calme et \u00e0 seulement \u00e0 15 minutes de Saumu<\/span>r<strong>&nbsp;<\/strong>!<\/h2>\n\n\n\n<div class=\"wp-block-group is-layout-flow\"><div class=\"wp-block-group__inner-container\">\n<ul style=\"font-size:18px\"><li>Carri\u00e8re arros\u00e9e et \u00e9clair\u00e9e de 70x25m<\/li><li>Marcheur 4 places<\/li><li>6 boxes<\/li><li>Paddocks<\/li><li>Aire de pansage<\/li><li>Acc\u00e8s direct \u00e0 la for\u00eat<\/li><li>Sellerie<\/li><li>Douche<\/li><li>Parking<\/li><\/ul>\n<\/div><\/div>\n\n\n\n<hr class=\"wp-block-separator has-alpha-channel-opacity\"\/>\n\n\n\n<figure class=\"wp-block-gallery has-nested-images columns-default is-cropped wp-block-gallery-2 is-layout-flex\">\n<figure class=\"wp-block-image size-full\"><img decoding=\"async\" loading=\"lazy\" width=\"1600\" height=\"1314\" data-id=\"459\"  src=\"http:\/\/ecuries-camillemercier.fr\/wp-content\/uploads\/2022\/07\/3da93db1-3d98-4393-9ea6-c2f551e5b108.jpg\" alt=\"\" class=\"wp-image-459\" srcset=\"https:\/\/ecuries-camillemercier.fr\/wp-content\/uploads\/2022\/07\/3da93db1-3d98-4393-9ea6-c2f551e5b108.jpg 1600w, https:\/\/ecuries-camillemercier.fr\/wp-content\/uploads\/2022\/07\/3da93db1-3d98-4393-9ea6-c2f551e5b108-300x246.jpg 300w, https:\/\/ecuries-camillemercier.fr\/wp-content\/uploads\/2022\/07\/3da93db1-3d98-4393-9ea6-c2f551e5b108-1024x841.jpg 1024w, https:\/\/ecuries-camillemercier.fr\/wp-content\/uploads\/2022\/07\/3da93db1-3d98-4393-9ea6-c2f551e5b108-768x631.jpg 768w, https:\/\/ecuries-camillemercier.fr\/wp-content\/uploads\/2022\/07\/3da93db1-3d98-4393-9ea6-c2f551e5b108-1536x1261.jpg 1536w\" sizes=\"(max-width: 1600px) 100vw, 1600px\" \/><\/figure>\n\n\n\n<figure class=\"wp-block-image size-full\"><img decoding=\"async\" loading=\"lazy\" width=\"1357\" height=\"954\" data-id=\"458\"  src=\"http:\/\/ecuries-camillemercier.fr\/wp-content\/uploads\/2022\/07\/aba2ab09-2cca-458b-8c70-d12782b52dde.jpg\" alt=\"\" class=\"wp-image-458\" srcset=\"https:\/\/ecuries-camillemercier.fr\/wp-content\/uploads\/2022\/07\/aba2ab09-2cca-458b-8c70-d12782b52dde.jpg 1357w, https:\/\/ecuries-camillemercier.fr\/wp-content\/uploads\/2022\/07\/aba2ab09-2cca-458b-8c70-d12782b52dde-300x211.jpg 300w, https:\/\/ecuries-camillemercier.fr\/wp-content\/uploads\/2022\/07\/aba2ab09-2cca-458b-8c70-d12782b52dde-1024x720.jpg 1024w, https:\/\/ecuries-camillemercier.fr\/wp-content\/uploads\/2022\/07\/aba2ab09-2cca-458b-8c70-d12782b52dde-768x540.jpg 768w\" sizes=\"(max-width: 1357px) 100vw, 1357px\" \/><\/figure>\n\n\n\n<figure class=\"wp-block-image size-full\"><img decoding=\"async\" loading=\"lazy\" width=\"1600\" height=\"1200\" data-id=\"457\"  src=\"http:\/\/ecuries-camillemercier.fr\/wp-content\/uploads\/2022\/07\/IMG_1470.jpg\" alt=\"\" class=\"wp-image-457\" srcset=\"https:\/\/ecuries-camillemercier.fr\/wp-content\/uploads\/2022\/07\/IMG_1470.jpg 1600w, https:\/\/ecuries-camillemercier.fr\/wp-content\/uploads\/2022\/07\/IMG_1470-300x225.jpg 300w, https:\/\/ecuries-camillemercier.fr\/wp-content\/uploads\/2022\/07\/IMG_1470-1024x768.jpg 1024w, https:\/\/ecuries-camillemercier.fr\/wp-content\/uploads\/2022\/07\/IMG_1470-768x576.jpg 768w, https:\/\/ecuries-camillemercier.fr\/wp-content\/uploads\/2022\/07\/IMG_1470-1536x1152.jpg 1536w\" sizes=\"(max-width: 1600px) 100vw, 1600px\" \/><\/figure>\n\n\n\n<figure class=\"wp-block-image size-full\"><img decoding=\"async\" loading=\"lazy\" width=\"1600\" height=\"1200\" data-id=\"460\"  src=\"http:\/\/ecuries-camillemercier.fr\/wp-content\/uploads\/2022\/07\/IMG_1472.jpg\" alt=\"\" class=\"wp-image-460\" srcset=\"https:\/\/ecuries-camillemercier.fr\/wp-content\/uploads\/2022\/07\/IMG_1472.jpg 1600w, https:\/\/ecuries-camillemercier.fr\/wp-content\/uploads\/2022\/07\/IMG_1472-300x225.jpg 300w, https:\/\/ecuries-camillemercier.fr\/wp-content\/uploads\/2022\/07\/IMG_1472-1024x768.jpg 1024w, https:\/\/ecuries-camillemercier.fr\/wp-content\/uploads\/2022\/07\/IMG_1472-768x576.jpg 768w, https:\/\/ecuries-camillemercier.fr\/wp-content\/uploads\/2022\/07\/IMG_1472-1536x1152.jpg 1536w\" sizes=\"(max-width: 1600px) 100vw, 1600px\" \/><\/figure>\n\n\n\n<figure class=\"wp-block-image size-full\"><img decoding=\"async\" loading=\"lazy\" width=\"2016\" height=\"1512\" data-id=\"387\"  src=\"http:\/\/ecuries-camillemercier.fr\/wp-content\/uploads\/2022\/07\/PHOTO-2022-07-01-18-22-15.jpg\" alt=\"\" class=\"wp-image-387\" srcset=\"https:\/\/ecuries-camillemercier.fr\/wp-content\/uploads\/2022\/07\/PHOTO-2022-07-01-18-22-15.jpg 2016w, https:\/\/ecuries-camillemercier.fr\/wp-content\/uploads\/2022\/07\/PHOTO-2022-07-01-18-22-15-300x225.jpg 300w, https:\/\/ecuries-camillemercier.fr\/wp-content\/uploads\/2022\/07\/PHOTO-2022-07-01-18-22-15-1024x768.jpg 1024w, https:\/\/ecuries-camillemercier.fr\/wp-content\/uploads\/2022\/07\/PHOTO-2022-07-01-18-22-15-768x576.jpg 768w, https:\/\/ecuries-camillemercier.fr\/wp-content\/uploads\/2022\/07\/PHOTO-2022-07-01-18-22-15-1536x1152.jpg 1536w\" sizes=\"(max-width: 2016px) 100vw, 2016px\" \/><\/figure>\n\n\n\n<figure class=\"wp-block-image size-full is-style-default\"><img decoding=\"async\" loading=\"lazy\" width=\"1600\" height=\"956\" data-id=\"455\"  src=\"http:\/\/ecuries-camillemercier.fr\/wp-content\/uploads\/2022\/07\/IMG_1471.jpg\" alt=\"\" class=\"wp-image-455\" srcset=\"https:\/\/ecuries-camillemercier.fr\/wp-content\/uploads\/2022\/07\/IMG_1471.jpg 1600w, https:\/\/ecuries-camillemercier.fr\/wp-content\/uploads\/2022\/07\/IMG_1471-300x179.jpg 300w, https:\/\/ecuries-camillemercier.fr\/wp-content\/uploads\/2022\/07\/IMG_1471-1024x612.jpg 1024w, https:\/\/ecuries-camillemercier.fr\/wp-content\/uploads\/2022\/07\/IMG_1471-768x459.jpg 768w, https:\/\/ecuries-camillemercier.fr\/wp-content\/uploads\/2022\/07\/IMG_1471-1536x918.jpg 1536w\" sizes=\"(max-width: 1600px) 100vw, 1600px\" \/><\/figure>\n<\/figure>\n\n\n\n<hr class=\"wp-block-separator has-alpha-channel-opacity\"\/>\n\n\n\n<div class=\"wp-block-buttons is-content-justification-center is-layout-flex wp-container-4\">\n<div class=\"wp-block-button\"><a class=\"wp-block-button__link has-background\" href=\"http:\/\/ecuries-camillemercier.fr\/index.php\/contact\/\" style=\"background-color:#f78dc7f0\">Contactez-nous<\/a><\/div>\n<\/div>\n","protected":false},"excerpt":{"rendered":"<p>Des infrastructures exceptionnelles, au calme et \u00e0 seulement \u00e0 15 minutes de Saumur&nbsp;! Carri\u00e8re arros\u00e9e et \u00e9clair\u00e9e de 70x25mMarcheur 4 places6 boxesPaddocksAire de pansageAcc\u00e8s direct \u00e0 la for\u00eatSellerieDoucheParking Contactez-nous<\/p>\n","protected":false},"author":1,"featured_media":0,"parent":0,"menu_order":0,"comment_status":"closed","ping_status":"closed","template":"","meta":[],"yoast_head":"<!-- This site is optimized with the Yoast SEO plugin v19.5.1 - https:\/\/yoast.com\/wordpress\/plugins\/seo\/ -->\n<title>Infrastructures - Camille Mercier<\/title>\n<meta name=\"robots\" content=\"index, follow, max-snippet:-1, max-image-preview:large, max-video-preview:-1\" \/>\n<link rel=\"canonical\" href=\"https:\/\/ecuries-camillemercier.fr\/index.php\/infrastructures\/\" \/>\n<meta property=\"og:locale\" content=\"fr_FR\" \/>\n<meta property=\"og:type\" content=\"article\" \/>\n<meta property=\"og:title\" content=\"Infrastructures - Camille Mercier\" \/>\n<meta property=\"og:description\" content=\"Des infrastructures exceptionnelles, au calme et \u00e0 seulement \u00e0 15 minutes de Saumur&nbsp;! Carri\u00e8re arros\u00e9e et \u00e9clair\u00e9e de 70x25mMarcheur 4 places6 boxesPaddocksAire de pansageAcc\u00e8s direct \u00e0 la for\u00eatSellerieDoucheParking Contactez-nous\" \/>\n<meta property=\"og:url\" content=\"https:\/\/ecuries-camillemercier.fr\/index.php\/infrastructures\/\" \/>\n<meta property=\"og:site_name\" content=\"Camille Mercier\" \/>\n<meta property=\"article:publisher\" content=\"https:\/\/www.facebook.com\/Camille-Mercier-Ecuries-de-la-Borde-268085069928803\/?fref=ts\" \/>\n<meta property=\"article:modified_time\" content=\"2022-07-08T06:17:52+00:00\" \/>\n<meta property=\"og:image\" content=\"http:\/\/ecuries-camillemercier.fr\/wp-content\/uploads\/2022\/07\/3da93db1-3d98-4393-9ea6-c2f551e5b108.jpg\" \/>\n<meta name=\"twitter:card\" content=\"summary\" \/>\n<meta name=\"twitter:label1\" content=\"Dur\u00e9e de lecture estim\u00e9e\" \/>\n\t<meta name=\"twitter:data1\" content=\"2 minutes\" \/>\n<script type=\"application\/ld+json\" class=\"yoast-schema-graph\">{\"@context\":\"https:\/\/schema.org\",\"@graph\":[{\"@type\":\"WebPage\",\"@id\":\"https:\/\/ecuries-camillemercier.fr\/index.php\/infrastructures\/\",\"url\":\"https:\/\/ecuries-camillemercier.fr\/index.php\/infrastructures\/\",\"name\":\"Infrastructures - Camille Mercier\",\"isPartOf\":{\"@id\":\"https:\/\/ecuries-camillemercier.fr\/#website\"},\"datePublished\":\"2015-12-11T19:04:39+00:00\",\"dateModified\":\"2022-07-08T06:17:52+00:00\",\"breadcrumb\":{\"@id\":\"https:\/\/ecuries-camillemercier.fr\/index.php\/infrastructures\/#breadcrumb\"},\"inLanguage\":\"fr-FR\",\"potentialAction\":[{\"@type\":\"ReadAction\",\"target\":[\"https:\/\/ecuries-camillemercier.fr\/index.php\/infrastructures\/\"]}]},{\"@type\":\"BreadcrumbList\",\"@id\":\"https:\/\/ecuries-camillemercier.fr\/index.php\/infrastructures\/#breadcrumb\",\"itemListElement\":[{\"@type\":\"ListItem\",\"position\":1,\"name\":\"Accueil\",\"item\":\"https:\/\/ecuries-camillemercier.fr\/\"},{\"@type\":\"ListItem\",\"position\":2,\"name\":\"Infrastructures\"}]},{\"@type\":\"WebSite\",\"@id\":\"https:\/\/ecuries-camillemercier.fr\/#website\",\"url\":\"https:\/\/ecuries-camillemercier.fr\/\",\"name\":\"Camille Mercier\",\"description\":\"Ecuries Saumur\",\"potentialAction\":[{\"@type\":\"SearchAction\",\"target\":{\"@type\":\"EntryPoint\",\"urlTemplate\":\"https:\/\/ecuries-camillemercier.fr\/?s={search_term_string}\"},\"query-input\":\"required name=search_term_string\"}],\"inLanguage\":\"fr-FR\"}]}<\/script>\n<!-- \/ Yoast SEO plugin. -->","yoast_head_json":{"title":"Infrastructures - Camille Mercier","robots":{"index":"index","follow":"follow","max-snippet":"max-snippet:-1","max-image-preview":"max-image-preview:large","max-video-preview":"max-video-preview:-1"},"canonical":"https:\/\/ecuries-camillemercier.fr\/index.php\/infrastructures\/","og_locale":"fr_FR","og_type":"article","og_title":"Infrastructures - Camille Mercier","og_description":"Des infrastructures exceptionnelles, au calme et \u00e0 seulement \u00e0 15 minutes de Saumur&nbsp;! Carri\u00e8re arros\u00e9e et \u00e9clair\u00e9e de 70x25mMarcheur 4 places6 boxesPaddocksAire de pansageAcc\u00e8s direct \u00e0 la for\u00eatSellerieDoucheParking Contactez-nous","og_url":"https:\/\/ecuries-camillemercier.fr\/index.php\/infrastructures\/","og_site_name":"Camille Mercier","article_publisher":"https:\/\/www.facebook.com\/Camille-Mercier-Ecuries-de-la-Borde-268085069928803\/?fref=ts","article_modified_time":"2022-07-08T06:17:52+00:00","og_image":[{"url":"http:\/\/ecuries-camillemercier.fr\/wp-content\/uploads\/2022\/07\/3da93db1-3d98-4393-9ea6-c2f551e5b108.jpg"}],"twitter_card":"summary","twitter_misc":{"Dur\u00e9e de lecture estim\u00e9e":"2 minutes"},"schema":{"@context":"https:\/\/schema.org","@graph":[{"@type":"WebPage","@id":"https:\/\/ecuries-camillemercier.fr\/index.php\/infrastructures\/","url":"https:\/\/ecuries-camillemercier.fr\/index.php\/infrastructures\/","name":"Infrastructures - Camille Mercier","isPartOf":{"@id":"https:\/\/ecuries-camillemercier.fr\/#website"},"datePublished":"2015-12-11T19:04:39+00:00","dateModified":"2022-07-08T06:17:52+00:00","breadcrumb":{"@id":"https:\/\/ecuries-camillemercier.fr\/index.php\/infrastructures\/#breadcrumb"},"inLanguage":"fr-FR","potentialAction":[{"@type":"ReadAction","target":["https:\/\/ecuries-camillemercier.fr\/index.php\/infrastructures\/"]}]},{"@type":"BreadcrumbList","@id":"https:\/\/ecuries-camillemercier.fr\/index.php\/infrastructures\/#breadcrumb","itemListElement":[{"@type":"ListItem","position":1,"name":"Accueil","item":"https:\/\/ecuries-camillemercier.fr\/"},{"@type":"ListItem","position":2,"name":"Infrastructures"}]},{"@type":"WebSite","@id":"https:\/\/ecuries-camillemercier.fr\/#website","url":"https:\/\/ecuries-camillemercier.fr\/","name":"Camille Mercier","description":"Ecuries Saumur","potentialAction":[{"@type":"SearchAction","target":{"@type":"EntryPoint","urlTemplate":"https:\/\/ecuries-camillemercier.fr\/?s={search_term_string}"},"query-input":"required name=search_term_string"}],"inLanguage":"fr-FR"}]}},"_links":{"self":[{"href":"https:\/\/ecuries-camillemercier.fr\/index.php\/wp-json\/wp\/v2\/pages\/7"}],"collection":[{"href":"https:\/\/ecuries-camillemercier.fr\/index.php\/wp-json\/wp\/v2\/pages"}],"about":[{"href":"https:\/\/ecuries-camillemercier.fr\/index.php\/wp-json\/wp\/v2\/types\/page"}],"author":[{"embeddable":true,"href":"https:\/\/ecuries-camillemercier.fr\/index.php\/wp-json\/wp\/v2\/users\/1"}],"replies":[{"embeddable":true,"href":"https:\/\/ecuries-camillemercier.fr\/index.php\/wp-json\/wp\/v2\/comments?post=7"}],"version-history":[{"count":36,"href":"https:\/\/ecuries-camillemercier.fr\/index.php\/wp-json\/wp\/v2\/pages\/7\/revisions"}],"predecessor-version":[{"id":462,"href":"https:\/\/ecuries-camillemercier.fr\/index.php\/wp-json\/wp\/v2\/pages\/7\/revisions\/462"}],"wp:attachment":[{"href":"https:\/\/ecuries-camillemercier.fr\/index.php\/wp-json\/wp\/v2\/media?parent=7"}],"curies":[{"name":"wp","href":"https:\/\/api.w.org\/{rel}","templated":true}]}}